{"id":387,"date":"2019-08-17T14:19:17","date_gmt":"2019-08-17T12:19:17","guid":{"rendered":"http:\/\/localhost\/wordpress\/?page_id=387"},"modified":"2025-06-22T19:07:26","modified_gmt":"2025-06-22T17:07:26","slug":"themenfuehrungen","status":"publish","type":"page","link":"https:\/\/stadtfuehrungen-durch-koeln.de\/?page_id=387","title":{"rendered":"Meine Angebote"},"content":{"rendered":"\t\t<div data-elementor-type=\"wp-post\" data-elementor-id=\"387\" class=\"elementor elementor-387\">\n\t\t\t\t\t\t<section class=\"elementor-section elementor-inner-section elementor-element elementor-element-b95a3af elementor-section-boxed elementor-section-height-default elementor-section-height-default\" data-id=\"b95a3af\" data-element_type=\"section\" data-e-type=\"section\">\n\t\t\t\t\t\t<div class=\"elementor-container elementor-column-gap-default\">\n\t\t\t\t\t<div class=\"elementor-column elementor-col-50 elementor-inner-column elementor-element elementor-element-6ec2c21\" data-id=\"6ec2c21\" data-element_type=\"column\" data-e-type=\"column\">\n\t\t\t<div class=\"elementor-widget-wrap elementor-element-populated\">\n\t\t\t\t\t\t<div class=\"elementor-element elementor-element-5a25f5f elementor-widget elementor-widget-image\" data-id=\"5a25f5f\" data-element_type=\"widget\" data-e-type=\"widget\" data-widget_type=\"image.default\">\n\t\t\t\t<div class=\"elementor-widget-container\">\n\t\t\t\t\t\t\t\t\t\t\t\t\t\t\t<img decoding=\"async\" src=\"https:\/\/stadtfuehrungen-durch-koeln.de\/wp-content\/uploads\/elementor\/thumbs\/IMG_20240424_131034-qnc066hvxxutjtf8vev5dmb1h4mn1m29bi1ab7n4xw.jpg\" title=\"IMG_20240424_131034\" alt=\"IMG_20240424_131034\" loading=\"lazy\" \/>\t\t\t\t\t\t\t\t\t\t\t\t\t\t\t<\/div>\n\t\t\t\t<\/div>\n\t\t\t\t\t<\/div>\n\t\t<\/div>\n\t\t\t\t<div class=\"elementor-column elementor-col-50 elementor-inner-column elementor-element elementor-element-e93e69b\" data-id=\"e93e69b\" data-element_type=\"column\" data-e-type=\"column\">\n\t\t\t<div class=\"elementor-widget-wrap elementor-element-populated\">\n\t\t\t\t\t\t<div class=\"elementor-element elementor-element-8112ebc elementor-widget__width-initial elementor-widget elementor-widget-text-editor\" data-id=\"8112ebc\" data-element_type=\"widget\" data-e-type=\"widget\" data-widget_type=\"text-editor.default\">\n\t\t\t\t<div class=\"elementor-widget-container\">\n\t\t\t\t\t\t\t\t\t<h4><span style=\"color: #ff0000;\">Ich biete<\/span><\/h4><ul><li><h5><span style=\"color: #000000;\">Lesungen<br \/><\/span><\/h5><\/li><li><h5><span style=\"color: #000000;\">Geschichten zur Ver\u00f6ffentlichung in Anthologien und zu Open Calls<br \/><\/span><\/h5><\/li><li><h5><span style=\"color: #000000;\">Unterst\u00fctzung bei der Lust selbst zu schreiben, durch Vermittlung von kreativen Schreibtechniken<\/span><\/h5><\/li><li><h5><span style=\"color: #000000;\">Stadtf\u00fchrungen auf Anfrage f\u00fcr alle Altersgruppen zu den Themen:<br \/><\/span><\/h5><\/li><\/ul><p style=\"padding-left: 40px;\"><a href=\"https:\/\/stadtfuehrungen-durch-koeln.de\/?page_id=1107\"><span style=\"color: #ff0000;\"><strong>&#8222;Durch das schaurig-sch\u00f6ne, sagenhafte K\u00f6ln&#8220;<\/strong><\/span><\/a> &#8211; <span style=\"color: #000000;\">Sagen, Legenden &amp; Gruselgeschichten aus dem alten K\u00f6ln<\/span><a href=\"https:\/\/stadtfuehrungen-durch-koeln.de\/koelnfuehrungen\/uebersicht\/themenfuehrungen\/schaurigschoene_sagenhafte_stadt\/\"><br \/><\/a><a href=\"https:\/\/stadtfuehrungen-durch-koeln.de\/?page_id=1102\"><span style=\"color: #ff0000;\"><strong>&#8222;Heinzelm\u00e4nnchen, Goldgr\u00e4ber\u00a0 und Schlitzohren&#8220;<\/strong><\/span><\/a><span style=\"color: #000000;\">&#8211; Kurioses aus K\u00f6lns Vergangenheit<\/span><\/p>\t\t\t\t\t\t\t\t<\/div>\n\t\t\t\t<\/div>\n\t\t\t\t\t<\/div>\n\t\t<\/div>\n\t\t\t\t\t<\/div>\n\t\t<\/section>\n\t\t\t\t<section class=\"elementor-section elementor-top-section elementor-element elementor-element-8dd88ea elementor-section-boxed elementor-section-height-default elementor-section-height-default\" data-id=\"8dd88ea\" data-element_type=\"section\" data-e-type=\"section\">\n\t\t\t\t\t\t<div class=\"elementor-container elementor-column-gap-default\">\n\t\t\t\t\t<div class=\"elementor-column elementor-col-100 elementor-top-column elementor-element elementor-element-09f27eb\" data-id=\"09f27eb\" data-element_type=\"column\" data-e-type=\"column\">\n\t\t\t<div class=\"elementor-widget-wrap\">\n\t\t\t\t\t\t\t<\/div>\n\t\t<\/div>\n\t\t\t\t\t<\/div>\n\t\t<\/section>\n\t\t\t\t<\/div>\n\t\t","protected":false},"excerpt":{"rendered":"<p>Ich biete Lesungen Geschichten zur Ver\u00f6ffentlichung in Anthologien und zu Open Calls Unterst\u00fctzung bei der Lust selbst zu schreiben, durch Vermittlung von kreativen Schreibtechniken Stadtf\u00fchrungen auf Anfrage f\u00fcr alle Altersgruppen zu den Themen: &#8222;Durch das schaurig-sch\u00f6ne, sagenhafte K\u00f6ln&#8220; &#8211; Sagen, Legenden &amp; Gruselgeschichten aus dem alten K\u00f6ln&#8222;Heinzelm\u00e4nnchen, Goldgr\u00e4ber\u00a0 und Schlitzohren&#8220;&#8211; Kurioses aus K\u00f6lns Vergangenheit<\/p>\n","protected":false},"author":2,"featured_media":0,"parent":364,"menu_order":0,"comment_status":"closed","ping_status":"closed","template":"","meta":{"ocean_post_layout":"full-screen","ocean_both_sidebars_style":"","ocean_both_sidebars_content_width":0,"ocean_both_sidebars_sidebars_width":0,"ocean_sidebar":"0","ocean_second_sidebar":"0","ocean_disable_margins":"enable","ocean_add_body_class":"","ocean_shortcode_before_top_bar":"","ocean_shortcode_after_top_bar":"","ocean_shortcode_before_header":"","ocean_shortcode_after_header":"","ocean_has_shortcode":"","ocean_shortcode_after_title":"","ocean_shortcode_before_footer_widgets":"","ocean_shortcode_after_footer_widgets":"","ocean_shortcode_before_footer_bottom":"","ocean_shortcode_after_footer_bottom":"","ocean_display_top_bar":"default","ocean_display_header":"default","ocean_header_style":"","ocean_center_header_left_menu":"0","ocean_custom_header_template":"0","ocean_custom_logo":0,"ocean_custom_retina_logo":0,"ocean_custom_logo_max_width":0,"ocean_custom_logo_tablet_max_width":0,"ocean_custom_logo_mobile_max_width":0,"ocean_custom_logo_max_height":0,"ocean_custom_logo_tablet_max_height":0,"ocean_custom_logo_mobile_max_height":0,"ocean_header_custom_menu":"0","ocean_menu_typo_font_family":"0","ocean_menu_typo_font_subset":"","ocean_menu_typo_font_size":0,"ocean_menu_typo_font_size_tablet":0,"ocean_menu_typo_font_size_mobile":0,"ocean_menu_typo_font_size_unit":"px","ocean_menu_typo_font_weight":"","ocean_menu_typo_font_weight_tablet":"","ocean_menu_typo_font_weight_mobile":"","ocean_menu_typo_transform":"","ocean_menu_typo_transform_tablet":"","ocean_menu_typo_transform_mobile":"","ocean_menu_typo_line_height":0,"ocean_menu_typo_line_height_tablet":0,"ocean_menu_typo_line_height_mobile":0,"ocean_menu_typo_line_height_unit":"","ocean_menu_typo_spacing":0,"ocean_menu_typo_spacing_tablet":0,"ocean_menu_typo_spacing_mobile":0,"ocean_menu_typo_spacing_unit":"","ocean_menu_link_color":"","ocean_menu_link_color_hover":"","ocean_menu_link_color_active":"","ocean_menu_link_background":"","ocean_menu_link_hover_background":"","ocean_menu_link_active_background":"","ocean_menu_social_links_bg":"","ocean_menu_social_hover_links_bg":"","ocean_menu_social_links_color":"","ocean_menu_social_hover_links_color":"","ocean_disable_title":"default","ocean_disable_heading":"default","ocean_post_title":"","ocean_post_subheading":"","ocean_post_title_style":"","ocean_post_title_background_color":"","ocean_post_title_background":0,"ocean_post_title_bg_image_position":"","ocean_post_title_bg_image_attachment":"","ocean_post_title_bg_image_repeat":"","ocean_post_title_bg_image_size":"","ocean_post_title_height":0,"ocean_post_title_bg_overlay":0.5,"ocean_post_title_bg_overlay_color":"","ocean_disable_breadcrumbs":"default","ocean_breadcrumbs_color":"","ocean_breadcrumbs_separator_color":"","ocean_breadcrumbs_links_color":"","ocean_breadcrumbs_links_hover_color":"","ocean_display_footer_widgets":"default","ocean_display_footer_bottom":"default","ocean_custom_footer_template":"0","footnotes":""},"class_list":["post-387","page","type-page","status-publish","hentry","entry"],"_links":{"self":[{"href":"https:\/\/stadtfuehrungen-durch-koeln.de\/index.php?rest_route=\/wp\/v2\/pages\/387","targetHints":{"allow":["GET"]}}],"collection":[{"href":"https:\/\/stadtfuehrungen-durch-koeln.de\/index.php?rest_route=\/wp\/v2\/pages"}],"about":[{"href":"https:\/\/stadtfuehrungen-durch-koeln.de\/index.php?rest_route=\/wp\/v2\/types\/page"}],"author":[{"embeddable":true,"href":"https:\/\/stadtfuehrungen-durch-koeln.de\/index.php?rest_route=\/wp\/v2\/users\/2"}],"replies":[{"embeddable":true,"href":"https:\/\/stadtfuehrungen-durch-koeln.de\/index.php?rest_route=%2Fwp%2Fv2%2Fcomments&post=387"}],"version-history":[{"count":100,"href":"https:\/\/stadtfuehrungen-durch-koeln.de\/index.php?rest_route=\/wp\/v2\/pages\/387\/revisions"}],"predecessor-version":[{"id":2191,"href":"https:\/\/stadtfuehrungen-durch-koeln.de\/index.php?rest_route=\/wp\/v2\/pages\/387\/revisions\/2191"}],"up":[{"embeddable":true,"href":"https:\/\/stadtfuehrungen-durch-koeln.de\/index.php?rest_route=\/wp\/v2\/pages\/364"}],"wp:attachment":[{"href":"https:\/\/stadtfuehrungen-durch-koeln.de\/index.php?rest_route=%2Fwp%2Fv2%2Fmedia&parent=387"}],"curies":[{"name":"wp","href":"https:\/\/api.w.org\/{rel}","templated":true}]}}