{"id":33,"date":"2018-06-30T16:53:59","date_gmt":"2018-06-30T14:53:59","guid":{"rendered":"http:\/\/localhost\/wordpress\/?page_id=33"},"modified":"2024-04-27T17:43:30","modified_gmt":"2024-04-27T15:43:30","slug":"impressum","status":"publish","type":"page","link":"https:\/\/stadtfuehrungen-durch-koeln.de\/?page_id=33","title":{"rendered":"Impressum"},"content":{"rendered":"\t\t<div data-elementor-type=\"wp-post\" data-elementor-id=\"33\" class=\"elementor elementor-33\">\n\t\t\t\t\t\t<section class=\"elementor-section elementor-top-section elementor-element elementor-element-1876802 elementor-section-boxed elementor-section-height-default elementor-section-height-default\" data-id=\"1876802\" data-element_type=\"section\" data-e-type=\"section\">\n\t\t\t\t\t\t<div class=\"elementor-container elementor-column-gap-default\">\n\t\t\t\t\t<div class=\"elementor-column elementor-col-100 elementor-top-column elementor-element elementor-element-d990e83\" data-id=\"d990e83\" data-element_type=\"column\" data-e-type=\"column\">\n\t\t\t<div class=\"elementor-widget-wrap elementor-element-populated\">\n\t\t\t\t\t\t<div class=\"elementor-element elementor-element-d9f8397 elementor-widget elementor-widget-text-editor\" data-id=\"d9f8397\" data-element_type=\"widget\" data-e-type=\"widget\" data-settings=\"{&quot;_animation&quot;:&quot;none&quot;}\" data-widget_type=\"text-editor.default\">\n\t\t\t\t<div class=\"elementor-widget-container\">\n\t\t\t\t\t\t\t\t\t<h1><em><span style=\"color: #ff0000;\">der Webseite &#8222;www.nasser-lange.de&#8220;<\/span><\/em><\/h1>\t\t\t\t\t\t\t\t<\/div>\n\t\t\t\t<\/div>\n\t\t\t\t\t<\/div>\n\t\t<\/div>\n\t\t\t\t\t<\/div>\n\t\t<\/section>\n\t\t\t\t<section class=\"elementor-section elementor-top-section elementor-element elementor-element-7079fe4 elementor-section-boxed elementor-section-height-default elementor-section-height-default\" data-id=\"7079fe4\" data-element_type=\"section\" data-e-type=\"section\">\n\t\t\t\t\t\t<div class=\"elementor-container elementor-column-gap-default\">\n\t\t\t\t\t<div class=\"elementor-column elementor-col-100 elementor-top-column elementor-element elementor-element-e73f567\" data-id=\"e73f567\" data-element_type=\"column\" data-e-type=\"column\">\n\t\t\t<div class=\"elementor-widget-wrap elementor-element-populated\">\n\t\t\t\t\t\t<div class=\"elementor-element elementor-element-94fe584 elementor-widget elementor-widget-text-editor\" data-id=\"94fe584\" data-element_type=\"widget\" data-e-type=\"widget\" data-widget_type=\"text-editor.default\">\n\t\t\t\t<div class=\"elementor-widget-container\">\n\t\t\t\t\t\t\t\t\t<div>\n<div>\n<div>\n<p><span style=\"color: #000000;\">Verantwortlich im Sinne des Mediengesetzes:<\/span><\/p>\n<p><span style=\"color: #000000;\">www.nasser-lange.de<br>c\/o Angelika Nasser-Lange<br>Roald-Amundsen-Str. 2b<br>50829 K\u00f6ln<br>Tel. 0221\/25941073<br>E-Mail: angelika@nasser-lange.de<\/span><\/p>\n<\/div>\n<p><span style=\"color: #000000;\">Webmaster: Peter Lange (webmaster@nasser-lange.de)<\/span><br><span style=\"color: #000000;\">Grafiken und Fotos: <\/span><span style=\"color: #000000;\">\u00a9 www.nasser-lange.de, c\/o Peter Lange<\/span><\/p>\n<div>\n<p><span style=\"color: #000000;\">Haftungsausschluss f\u00fcr externe Links:<\/span><\/p>\n<p><span style=\"color: #000000;\">Wir haben auf unseren Seiten Links zu anderen Seiten im Internet gelegt. F\u00fcr alle diese Links gilt: Wir erkl\u00e4ren ausdr\u00fccklich, dass wir keinerlei Einfluss auf die Gestaltung und die Inhalte der gelinkten Seiten haben. Deshalb distanzieren wir uns hiermit ausdr\u00fccklich von allen Inhalten aller gelinkten Seiten auf unserer Homepage und machen uns diese Inhalte nicht zu Eigen. Diese Erkl\u00e4rung gilt f\u00fcr alle auf unserer Homepage angezeigten Links und f\u00fcr alle Inhalte der Seiten, zu denen diese Links f\u00fchren.<\/span><\/p>\n<p><span style=\"color: #000000;\">Wir sind auf Mithilfe angewiesen, bitte weisen Sie uns auf Probleme oder Fehler hin. F\u00fcr Ihre Kritik bedanken wir uns ebenso wie f\u00fcr Ideen und Anregungen.<\/span><\/p>\n<\/div>\n<\/div>\n<\/div>\n<p><span style=\"color: #000000;\">Das Copyright f\u00fcr die selbst erstellten Objekte (Grafiken, Fotos, Animationen) bleibt allein beim Autor der Seiten. Eine Vervielf\u00e4ltigung oder Verwendung&nbsp; ist ohne ausdr\u00fcckliche Zustimmung nicht gestattet.<\/span><\/p>\n<p><span style=\"color: #000000;\">Wir sind ebenso bestrebt, in allen Publikationen die Urheberrechte der Objekte und Texte anderer zu beachten.<\/span><\/p>\n<p><span style=\"color: #000000;\">Falls irrt\u00fcmlicherweise durch die Wiedergabe von Text bzw. Bild ein Copyright verletzt wurde, so bitten wir um einen Hinweis, damit die Informationsdarstellung unverz\u00fcglich korrigiert werden kann.<\/span><\/p>\n<p><span style=\"color: #000000;\">Vielen Dank!<\/span><br><span style=\"color: #000000;\">Angelika Nasser-Lange<\/span><\/p>\n<h1><span style=\"color: #000000;\">&nbsp;<\/span><\/h1>\t\t\t\t\t\t\t\t<\/div>\n\t\t\t\t<\/div>\n\t\t\t\t\t<\/div>\n\t\t<\/div>\n\t\t\t\t\t<\/div>\n\t\t<\/section>\n\t\t\t\t<\/div>\n\t\t","protected":false},"excerpt":{"rendered":"<p>der Webseite &#8222;www.nasser-lange.de&#8220; Verantwortlich im Sinne des Mediengesetzes: www.nasser-lange.dec\/o Angelika Nasser-LangeRoald-Amundsen-Str. 2b50829 K\u00f6lnTel. 0221\/25941073E-Mail: angelika@nasser-lange.de Webmaster: Peter Lange (webmaster@nasser-lange.de)Grafiken und Fotos: \u00a9 www.nasser-lange.de, c\/o Peter Lange Haftungsausschluss f\u00fcr externe Links: Wir haben auf unseren Seiten Links zu anderen Seiten im Internet gelegt. F\u00fcr alle diese Links gilt: Wir erkl\u00e4ren ausdr\u00fccklich, dass wir keinerlei Einfluss auf [&hellip;]<\/p>\n","protected":false},"author":2,"featured_media":0,"parent":18,"menu_order":0,"comment_status":"closed","ping_status":"closed","template":"","meta":{"ocean_post_layout":"full-screen","ocean_both_sidebars_style":"","ocean_both_sidebars_content_width":0,"ocean_both_sidebars_sidebars_width":0,"ocean_sidebar":"0","ocean_second_sidebar":"0","ocean_disable_margins":"enable","ocean_add_body_class":"","ocean_shortcode_before_top_bar":"","ocean_shortcode_after_top_bar":"","ocean_shortcode_before_header":"","ocean_shortcode_after_header":"","ocean_has_shortcode":"","ocean_shortcode_after_title":"","ocean_shortcode_before_footer_widgets":"","ocean_shortcode_after_footer_widgets":"","ocean_shortcode_before_footer_bottom":"","ocean_shortcode_after_footer_bottom":"","ocean_display_top_bar":"default","ocean_display_header":"default","ocean_header_style":"","ocean_center_header_left_menu":"0","ocean_custom_header_template":"0","ocean_custom_logo":0,"ocean_custom_retina_logo":0,"ocean_custom_logo_max_width":0,"ocean_custom_logo_tablet_max_width":0,"ocean_custom_logo_mobile_max_width":0,"ocean_custom_logo_max_height":0,"ocean_custom_logo_tablet_max_height":0,"ocean_custom_logo_mobile_max_height":0,"ocean_header_custom_menu":"0","ocean_menu_typo_font_family":"0","ocean_menu_typo_font_subset":"","ocean_menu_typo_font_size":0,"ocean_menu_typo_font_size_tablet":0,"ocean_menu_typo_font_size_mobile":0,"ocean_menu_typo_font_size_unit":"px","ocean_menu_typo_font_weight":"","ocean_menu_typo_font_weight_tablet":"","ocean_menu_typo_font_weight_mobile":"","ocean_menu_typo_transform":"","ocean_menu_typo_transform_tablet":"","ocean_menu_typo_transform_mobile":"","ocean_menu_typo_line_height":0,"ocean_menu_typo_line_height_tablet":0,"ocean_menu_typo_line_height_mobile":0,"ocean_menu_typo_line_height_unit":"","ocean_menu_typo_spacing":0,"ocean_menu_typo_spacing_tablet":0,"ocean_menu_typo_spacing_mobile":0,"ocean_menu_typo_spacing_unit":"","ocean_menu_link_color":"","ocean_menu_link_color_hover":"","ocean_menu_link_color_active":"","ocean_menu_link_background":"","ocean_menu_link_hover_background":"","ocean_menu_link_active_background":"","ocean_menu_social_links_bg":"","ocean_menu_social_hover_links_bg":"","ocean_menu_social_links_color":"","ocean_menu_social_hover_links_color":"","ocean_disable_title":"default","ocean_disable_heading":"default","ocean_post_title":"","ocean_post_subheading":"","ocean_post_title_style":"","ocean_post_title_background_color":"","ocean_post_title_background":0,"ocean_post_title_bg_image_position":"","ocean_post_title_bg_image_attachment":"","ocean_post_title_bg_image_repeat":"","ocean_post_title_bg_image_size":"","ocean_post_title_height":0,"ocean_post_title_bg_overlay":0.5,"ocean_post_title_bg_overlay_color":"","ocean_disable_breadcrumbs":"default","ocean_breadcrumbs_color":"","ocean_breadcrumbs_separator_color":"","ocean_breadcrumbs_links_color":"","ocean_breadcrumbs_links_hover_color":"","ocean_display_footer_widgets":"default","ocean_display_footer_bottom":"default","ocean_custom_footer_template":"0","footnotes":""},"class_list":["post-33","page","type-page","status-publish","hentry","entry"],"_links":{"self":[{"href":"https:\/\/stadtfuehrungen-durch-koeln.de\/index.php?rest_route=\/wp\/v2\/pages\/33","targetHints":{"allow":["GET"]}}],"collection":[{"href":"https:\/\/stadtfuehrungen-durch-koeln.de\/index.php?rest_route=\/wp\/v2\/pages"}],"about":[{"href":"https:\/\/stadtfuehrungen-durch-koeln.de\/index.php?rest_route=\/wp\/v2\/types\/page"}],"author":[{"embeddable":true,"href":"https:\/\/stadtfuehrungen-durch-koeln.de\/index.php?rest_route=\/wp\/v2\/users\/2"}],"replies":[{"embeddable":true,"href":"https:\/\/stadtfuehrungen-durch-koeln.de\/index.php?rest_route=%2Fwp%2Fv2%2Fcomments&post=33"}],"version-history":[{"count":31,"href":"https:\/\/stadtfuehrungen-durch-koeln.de\/index.php?rest_route=\/wp\/v2\/pages\/33\/revisions"}],"predecessor-version":[{"id":2072,"href":"https:\/\/stadtfuehrungen-durch-koeln.de\/index.php?rest_route=\/wp\/v2\/pages\/33\/revisions\/2072"}],"up":[{"embeddable":true,"href":"https:\/\/stadtfuehrungen-durch-koeln.de\/index.php?rest_route=\/wp\/v2\/pages\/18"}],"wp:attachment":[{"href":"https:\/\/stadtfuehrungen-durch-koeln.de\/index.php?rest_route=%2Fwp%2Fv2%2Fmedia&parent=33"}],"curies":[{"name":"wp","href":"https:\/\/api.w.org\/{rel}","templated":true}]}}