{"id":1107,"date":"2019-10-15T15:41:30","date_gmt":"2019-10-15T13:41:30","guid":{"rendered":"http:\/\/stadtfuehrungen-durch-koeln.de\/?page_id=1107"},"modified":"2020-12-07T14:36:02","modified_gmt":"2020-12-07T13:36:02","slug":"schaurigschoene_sagenhafte_stadt","status":"publish","type":"page","link":"https:\/\/stadtfuehrungen-durch-koeln.de\/?page_id=1107","title":{"rendered":"Schaurig-sch\u00f6ne, sagenhafte Stadt"},"content":{"rendered":"\t\t<div data-elementor-type=\"wp-page\" data-elementor-id=\"1107\" class=\"elementor elementor-1107\">\n\t\t\t\t\t\t<section class=\"elementor-section elementor-top-section elementor-element elementor-element-0c18abd elementor-section-content-middle elementor-section-boxed elementor-section-height-default elementor-section-height-default\" data-id=\"0c18abd\" data-element_type=\"section\" data-e-type=\"section\">\n\t\t\t\t\t\t<div class=\"elementor-container elementor-column-gap-default\">\n\t\t\t\t\t<div class=\"elementor-column elementor-col-33 elementor-top-column elementor-element elementor-element-b70b12c\" data-id=\"b70b12c\" data-element_type=\"column\" data-e-type=\"column\">\n\t\t\t<div class=\"elementor-widget-wrap elementor-element-populated\">\n\t\t\t\t\t\t<div class=\"elementor-element elementor-element-4356076 elementor-widget elementor-widget-image\" data-id=\"4356076\" data-element_type=\"widget\" data-e-type=\"widget\" data-widget_type=\"image.default\">\n\t\t\t\t<div class=\"elementor-widget-container\">\n\t\t\t\t\t\t\t\t\t\t\t\t\t\t\t<img fetchpriority=\"high\" decoding=\"async\" width=\"300\" height=\"235\" src=\"https:\/\/stadtfuehrungen-durch-koeln.de\/wp-content\/uploads\/2020\/12\/IMG_0904-300x235.jpg\" class=\"attachment-medium size-medium wp-image-1510\" alt=\"Grinkopf\" srcset=\"https:\/\/stadtfuehrungen-durch-koeln.de\/wp-content\/uploads\/2020\/12\/IMG_0904-300x235.jpg 300w, https:\/\/stadtfuehrungen-durch-koeln.de\/wp-content\/uploads\/2020\/12\/IMG_0904-1024x801.jpg 1024w, https:\/\/stadtfuehrungen-durch-koeln.de\/wp-content\/uploads\/2020\/12\/IMG_0904-768x601.jpg 768w, https:\/\/stadtfuehrungen-durch-koeln.de\/wp-content\/uploads\/2020\/12\/IMG_0904-1536x1201.jpg 1536w, https:\/\/stadtfuehrungen-durch-koeln.de\/wp-content\/uploads\/2020\/12\/IMG_0904-2048x1601.jpg 2048w\" sizes=\"(max-width: 300px) 100vw, 300px\" \/>\t\t\t\t\t\t\t\t\t\t\t\t\t\t\t<\/div>\n\t\t\t\t<\/div>\n\t\t\t\t\t<\/div>\n\t\t<\/div>\n\t\t\t\t<div class=\"elementor-column elementor-col-66 elementor-top-column elementor-element elementor-element-f939171\" data-id=\"f939171\" data-element_type=\"column\" data-e-type=\"column\">\n\t\t\t<div class=\"elementor-widget-wrap elementor-element-populated\">\n\t\t\t\t\t\t<div class=\"elementor-element elementor-element-ee0088d elementor-widget elementor-widget-heading\" data-id=\"ee0088d\" data-element_type=\"widget\" data-e-type=\"widget\" data-widget_type=\"heading.default\">\n\t\t\t\t<div class=\"elementor-widget-container\">\n\t\t\t\t\t<h3 class=\"elementor-heading-title elementor-size-default\">Sagen, Legenden und Gruselgeschichten aus dem alten K\u00f6ln<\/h3>\t\t\t\t<\/div>\n\t\t\t\t<\/div>\n\t\t\t\t<div class=\"elementor-element elementor-element-876acaf elementor-widget elementor-widget-text-editor\" data-id=\"876acaf\" data-element_type=\"widget\" data-e-type=\"widget\" data-widget_type=\"text-editor.default\">\n\t\t\t\t<div class=\"elementor-widget-container\">\n\t\t\t\t\t\t\t\t\t<p>\u00a0<\/p><p><span style=\"color: #000000;\">Der K\u00f6lner liebt Geschichten seid jeher. Der Fundus an Sagen und Legenden ist gro\u00df. Alle Themen werden abgedeckt. Es geht um Macht, Verrat, Habgier, Heldentum, Rache, Spuk und Liebe, Erzbisch\u00f6fe, Kirche und Teufel.<\/span><\/p><p><span style=\"color: #000000;\">Sie bekommen eine bunte Mischung, die variiert werden kann, je nach Bedarf und Alter.<\/span><\/p><p><span style=\"color: #000000;\">Kommen Sie auf dem Weg durch die K\u00f6lner Altstadt mit in vergangene Zeiten und tauchen Sie in die Magie der Geschichten ein.<\/span><\/p><p><span style=\"color: #000000;\">Dauer: 1,5 oder 2 Std.<\/span><\/p><p><span style=\"color: #000000;\">Die F\u00fchrung ist gut f\u00fcr Kinder ab ca. 6 Jahren geeignet.<\/span><\/p>\t\t\t\t\t\t\t\t<\/div>\n\t\t\t\t<\/div>\n\t\t\t\t<div class=\"elementor-element elementor-element-7a1c356 elementor-widget elementor-widget-button\" data-id=\"7a1c356\" data-element_type=\"widget\" data-e-type=\"widget\" data-widget_type=\"button.default\">\n\t\t\t\t<div class=\"elementor-widget-container\">\n\t\t\t\t\t\t\t\t\t<div class=\"elementor-button-wrapper\">\n\t\t\t\t\t<a class=\"elementor-button elementor-button-link elementor-size-sm\" href=\"https:\/\/stadtfuehrungen-durch-koeln.de\/koelnfuehrungen\/uebersicht\/themenfuehrungen\/\">\n\t\t\t\t\t\t<span class=\"elementor-button-content-wrapper\">\n\t\t\t\t\t\t<span class=\"elementor-button-icon\">\n\t\t\t\t<i aria-hidden=\"true\" class=\"far fa-caret-square-left\"><\/i>\t\t\t<\/span>\n\t\t\t\t\t\t\t\t\t<span class=\"elementor-button-text\">zur\u00fcck<\/span>\n\t\t\t\t\t<\/span>\n\t\t\t\t\t<\/a>\n\t\t\t\t<\/div>\n\t\t\t\t\t\t\t\t<\/div>\n\t\t\t\t<\/div>\n\t\t\t\t\t<\/div>\n\t\t<\/div>\n\t\t\t\t\t<\/div>\n\t\t<\/section>\n\t\t\t\t<\/div>\n\t\t","protected":false},"excerpt":{"rendered":"<p>Sagen, Legenden und Gruselgeschichten aus dem alten K\u00f6ln \u00a0 Der K\u00f6lner liebt Geschichten seid jeher. Der Fundus an Sagen und Legenden ist gro\u00df. Alle Themen werden abgedeckt. Es geht um Macht, Verrat, Habgier, Heldentum, Rache, Spuk und Liebe, Erzbisch\u00f6fe, Kirche und Teufel. Sie bekommen eine bunte Mischung, die variiert werden kann, je nach Bedarf und [&hellip;]<\/p>\n","protected":false},"author":2,"featured_media":0,"parent":387,"menu_order":0,"comment_status":"closed","ping_status":"closed","template":"","meta":{"ocean_post_layout":"","ocean_both_sidebars_style":"","ocean_both_sidebars_content_width":0,"ocean_both_sidebars_sidebars_width":0,"ocean_sidebar":"0","ocean_second_sidebar":"0","ocean_disable_margins":"enable","ocean_add_body_class":"","ocean_shortcode_before_top_bar":"","ocean_shortcode_after_top_bar":"","ocean_shortcode_before_header":"","ocean_shortcode_after_header":"","ocean_has_shortcode":"","ocean_shortcode_after_title":"","ocean_shortcode_before_footer_widgets":"","ocean_shortcode_after_footer_widgets":"","ocean_shortcode_before_footer_bottom":"","ocean_shortcode_after_footer_bottom":"","ocean_display_top_bar":"default","ocean_display_header":"default","ocean_header_style":"","ocean_center_header_left_menu":"0","ocean_custom_header_template":"0","ocean_custom_logo":0,"ocean_custom_retina_logo":0,"ocean_custom_logo_max_width":0,"ocean_custom_logo_tablet_max_width":0,"ocean_custom_logo_mobile_max_width":0,"ocean_custom_logo_max_height":0,"ocean_custom_logo_tablet_max_height":0,"ocean_custom_logo_mobile_max_height":0,"ocean_header_custom_menu":"0","ocean_menu_typo_font_family":"0","ocean_menu_typo_font_subset":"","ocean_menu_typo_font_size":0,"ocean_menu_typo_font_size_tablet":0,"ocean_menu_typo_font_size_mobile":0,"ocean_menu_typo_font_size_unit":"px","ocean_menu_typo_font_weight":"","ocean_menu_typo_font_weight_tablet":"","ocean_menu_typo_font_weight_mobile":"","ocean_menu_typo_transform":"","ocean_menu_typo_transform_tablet":"","ocean_menu_typo_transform_mobile":"","ocean_menu_typo_line_height":0,"ocean_menu_typo_line_height_tablet":0,"ocean_menu_typo_line_height_mobile":0,"ocean_menu_typo_line_height_unit":"","ocean_menu_typo_spacing":0,"ocean_menu_typo_spacing_tablet":0,"ocean_menu_typo_spacing_mobile":0,"ocean_menu_typo_spacing_unit":"","ocean_menu_link_color":"","ocean_menu_link_color_hover":"","ocean_menu_link_color_active":"","ocean_menu_link_background":"","ocean_menu_link_hover_background":"","ocean_menu_link_active_background":"","ocean_menu_social_links_bg":"","ocean_menu_social_hover_links_bg":"","ocean_menu_social_links_color":"","ocean_menu_social_hover_links_color":"","ocean_disable_title":"default","ocean_disable_heading":"default","ocean_post_title":"","ocean_post_subheading":"","ocean_post_title_style":"","ocean_post_title_background_color":"","ocean_post_title_background":0,"ocean_post_title_bg_image_position":"","ocean_post_title_bg_image_attachment":"","ocean_post_title_bg_image_repeat":"","ocean_post_title_bg_image_size":"","ocean_post_title_height":0,"ocean_post_title_bg_overlay":0.5,"ocean_post_title_bg_overlay_color":"","ocean_disable_breadcrumbs":"default","ocean_breadcrumbs_color":"","ocean_breadcrumbs_separator_color":"","ocean_breadcrumbs_links_color":"","ocean_breadcrumbs_links_hover_color":"","ocean_display_footer_widgets":"default","ocean_display_footer_bottom":"default","ocean_custom_footer_template":"0","footnotes":""},"class_list":["post-1107","page","type-page","status-publish","hentry","entry"],"_links":{"self":[{"href":"https:\/\/stadtfuehrungen-durch-koeln.de\/index.php?rest_route=\/wp\/v2\/pages\/1107","targetHints":{"allow":["GET"]}}],"collection":[{"href":"https:\/\/stadtfuehrungen-durch-koeln.de\/index.php?rest_route=\/wp\/v2\/pages"}],"about":[{"href":"https:\/\/stadtfuehrungen-durch-koeln.de\/index.php?rest_route=\/wp\/v2\/types\/page"}],"author":[{"embeddable":true,"href":"https:\/\/stadtfuehrungen-durch-koeln.de\/index.php?rest_route=\/wp\/v2\/users\/2"}],"replies":[{"embeddable":true,"href":"https:\/\/stadtfuehrungen-durch-koeln.de\/index.php?rest_route=%2Fwp%2Fv2%2Fcomments&post=1107"}],"version-history":[{"count":12,"href":"https:\/\/stadtfuehrungen-durch-koeln.de\/index.php?rest_route=\/wp\/v2\/pages\/1107\/revisions"}],"predecessor-version":[{"id":1520,"href":"https:\/\/stadtfuehrungen-durch-koeln.de\/index.php?rest_route=\/wp\/v2\/pages\/1107\/revisions\/1520"}],"up":[{"embeddable":true,"href":"https:\/\/stadtfuehrungen-durch-koeln.de\/index.php?rest_route=\/wp\/v2\/pages\/387"}],"wp:attachment":[{"href":"https:\/\/stadtfuehrungen-durch-koeln.de\/index.php?rest_route=%2Fwp%2Fv2%2Fmedia&parent=1107"}],"curies":[{"name":"wp","href":"https:\/\/api.w.org\/{rel}","templated":true}]}}