{"id":1102,"date":"2019-10-15T15:37:02","date_gmt":"2019-10-15T13:37:02","guid":{"rendered":"http:\/\/stadtfuehrungen-durch-koeln.de\/?page_id=1102"},"modified":"2021-08-24T15:51:27","modified_gmt":"2021-08-24T13:51:27","slug":"goldgraeber_heinzelmaennchen_schlitzohren","status":"publish","type":"page","link":"https:\/\/stadtfuehrungen-durch-koeln.de\/?page_id=1102","title":{"rendered":"Heinzelm\u00e4nnchen, Goldgr\u00e4ber und Schlitzohren"},"content":{"rendered":"\t\t<div data-elementor-type=\"wp-page\" data-elementor-id=\"1102\" class=\"elementor elementor-1102\">\n\t\t\t\t\t\t<section class=\"elementor-section elementor-top-section elementor-element elementor-element-e3fc323 elementor-section-content-middle elementor-section-boxed elementor-section-height-default elementor-section-height-default\" data-id=\"e3fc323\" data-element_type=\"section\" data-e-type=\"section\">\n\t\t\t\t\t\t<div class=\"elementor-container elementor-column-gap-default\">\n\t\t\t\t\t<div class=\"elementor-column elementor-col-33 elementor-top-column elementor-element elementor-element-6773ef9\" data-id=\"6773ef9\" data-element_type=\"column\" data-e-type=\"column\">\n\t\t\t<div class=\"elementor-widget-wrap elementor-element-populated\">\n\t\t\t\t\t\t<div class=\"elementor-element elementor-element-739d287 elementor-widget elementor-widget-image\" data-id=\"739d287\" data-element_type=\"widget\" data-e-type=\"widget\" data-widget_type=\"image.default\">\n\t\t\t\t<div class=\"elementor-widget-container\">\n\t\t\t\t\t\t\t\t\t\t\t\t\t\t\t<img fetchpriority=\"high\" decoding=\"async\" width=\"300\" height=\"219\" src=\"https:\/\/stadtfuehrungen-durch-koeln.de\/wp-content\/uploads\/2020\/12\/IMG_0848-300x219.jpg\" class=\"attachment-medium size-medium wp-image-1512\" alt=\"Heinzelm\u00e4nnchen-Brunnen\" srcset=\"https:\/\/stadtfuehrungen-durch-koeln.de\/wp-content\/uploads\/2020\/12\/IMG_0848-300x219.jpg 300w, https:\/\/stadtfuehrungen-durch-koeln.de\/wp-content\/uploads\/2020\/12\/IMG_0848-1024x747.jpg 1024w, https:\/\/stadtfuehrungen-durch-koeln.de\/wp-content\/uploads\/2020\/12\/IMG_0848-768x560.jpg 768w, https:\/\/stadtfuehrungen-durch-koeln.de\/wp-content\/uploads\/2020\/12\/IMG_0848-1536x1120.jpg 1536w, https:\/\/stadtfuehrungen-durch-koeln.de\/wp-content\/uploads\/2020\/12\/IMG_0848-2048x1494.jpg 2048w\" sizes=\"(max-width: 300px) 100vw, 300px\" \/>\t\t\t\t\t\t\t\t\t\t\t\t\t\t\t<\/div>\n\t\t\t\t<\/div>\n\t\t\t\t\t<\/div>\n\t\t<\/div>\n\t\t\t\t<div class=\"elementor-column elementor-col-66 elementor-top-column elementor-element elementor-element-2faeaea\" data-id=\"2faeaea\" data-element_type=\"column\" data-e-type=\"column\">\n\t\t\t<div class=\"elementor-widget-wrap elementor-element-populated\">\n\t\t\t\t\t\t<div class=\"elementor-element elementor-element-f90e5be elementor-widget elementor-widget-heading\" data-id=\"f90e5be\" data-element_type=\"widget\" data-e-type=\"widget\" data-widget_type=\"heading.default\">\n\t\t\t\t<div class=\"elementor-widget-container\">\n\t\t\t\t\t<h3 class=\"elementor-heading-title elementor-size-default\">Kurioses aus K\u00f6lns Vergangenheit<\/h3>\t\t\t\t<\/div>\n\t\t\t\t<\/div>\n\t\t\t\t<div class=\"elementor-element elementor-element-74282a0 elementor-widget elementor-widget-text-editor\" data-id=\"74282a0\" data-element_type=\"widget\" data-e-type=\"widget\" data-widget_type=\"text-editor.default\">\n\t\t\t\t<div class=\"elementor-widget-container\">\n\t\t\t\t\t\t\t\t\t<p><span style=\"color: #000000;\">Kommen Sie mit und erfahren Sie z.B.<\/span><\/p><ul><li><span style=\"color: #000000;\">warum ein Erzbischof erschlagen wurde<br \/><\/span><\/li><li><span style=\"color: #000000;\">wie K\u00f6ln seinen 1. Erzbischof erhielt<\/span><\/li><li><span style=\"color: #000000;\">warum man K\u00f6ln \u201edat hillije K\u00f6lle\u201c nannte<\/span><\/li><li><span style=\"color: #000000;\">was die Ritterschlacht 1288 f\u00fcr Folgen hatte<br \/><\/span><\/li><li><span style=\"color: #000000;\">wer die Heinzelm\u00e4nnchen vertrieb<\/span><\/li><li><span style=\"color: #000000;\">was die Goldgr\u00e4ber in K\u00f6ln ausgruben<\/span><\/li><li><span style=\"color: #000000;\">was man fr\u00fcher unter Schlitzohren verstand<\/span><\/li><\/ul><p><span style=\"color: #000000;\">Auf Wunsch k\u00f6nnen Sie diese Tour in einem unserer traditionellen Brauh\u00e4user oder alten Kellergew\u00f6lbe bei Speis und Trank von der k\u00f6lschen Fooderkaat beenden und dabei in die moderne Millionenmetropole am Rhein zur\u00fcckkehren. Ich reserviere gerne f\u00fcr Sie.<\/span><\/p><p><span style=\"color: #000000;\">Dauer: 1,5 oder 2 Stunden <br \/><\/span><\/p>\t\t\t\t\t\t\t\t<\/div>\n\t\t\t\t<\/div>\n\t\t\t\t<div class=\"elementor-element elementor-element-188982a elementor-widget elementor-widget-button\" data-id=\"188982a\" data-element_type=\"widget\" data-e-type=\"widget\" data-widget_type=\"button.default\">\n\t\t\t\t<div class=\"elementor-widget-container\">\n\t\t\t\t\t\t\t\t\t<div class=\"elementor-button-wrapper\">\n\t\t\t\t\t<a class=\"elementor-button elementor-button-link elementor-size-sm\" href=\"https:\/\/stadtfuehrungen-durch-koeln.de\/koelnfuehrungen\/uebersicht\/themenfuehrungen\/\">\n\t\t\t\t\t\t<span class=\"elementor-button-content-wrapper\">\n\t\t\t\t\t\t<span class=\"elementor-button-icon\">\n\t\t\t\t<i aria-hidden=\"true\" class=\"far fa-caret-square-left\"><\/i>\t\t\t<\/span>\n\t\t\t\t\t\t\t\t\t<span class=\"elementor-button-text\">zur\u00fcck<\/span>\n\t\t\t\t\t<\/span>\n\t\t\t\t\t<\/a>\n\t\t\t\t<\/div>\n\t\t\t\t\t\t\t\t<\/div>\n\t\t\t\t<\/div>\n\t\t\t\t\t<\/div>\n\t\t<\/div>\n\t\t\t\t\t<\/div>\n\t\t<\/section>\n\t\t\t\t<\/div>\n\t\t","protected":false},"excerpt":{"rendered":"<p>Kurioses aus K\u00f6lns Vergangenheit Kommen Sie mit und erfahren Sie z.B. warum ein Erzbischof erschlagen wurde wie K\u00f6ln seinen 1. Erzbischof erhielt warum man K\u00f6ln \u201edat hillije K\u00f6lle\u201c nannte was die Ritterschlacht 1288 f\u00fcr Folgen hatte wer die Heinzelm\u00e4nnchen vertrieb was die Goldgr\u00e4ber in K\u00f6ln ausgruben was man fr\u00fcher unter Schlitzohren verstand Auf Wunsch k\u00f6nnen [&hellip;]<\/p>\n","protected":false},"author":2,"featured_media":0,"parent":387,"menu_order":0,"comment_status":"closed","ping_status":"closed","template":"","meta":{"ocean_post_layout":"","ocean_both_sidebars_style":"","ocean_both_sidebars_content_width":0,"ocean_both_sidebars_sidebars_width":0,"ocean_sidebar":"0","ocean_second_sidebar":"0","ocean_disable_margins":"enable","ocean_add_body_class":"","ocean_shortcode_before_top_bar":"","ocean_shortcode_after_top_bar":"","ocean_shortcode_before_header":"","ocean_shortcode_after_header":"","ocean_has_shortcode":"","ocean_shortcode_after_title":"","ocean_shortcode_before_footer_widgets":"","ocean_shortcode_after_footer_widgets":"","ocean_shortcode_before_footer_bottom":"","ocean_shortcode_after_footer_bottom":"","ocean_display_top_bar":"default","ocean_display_header":"default","ocean_header_style":"","ocean_center_header_left_menu":"0","ocean_custom_header_template":"0","ocean_custom_logo":0,"ocean_custom_retina_logo":0,"ocean_custom_logo_max_width":0,"ocean_custom_logo_tablet_max_width":0,"ocean_custom_logo_mobile_max_width":0,"ocean_custom_logo_max_height":0,"ocean_custom_logo_tablet_max_height":0,"ocean_custom_logo_mobile_max_height":0,"ocean_header_custom_menu":"0","ocean_menu_typo_font_family":"0","ocean_menu_typo_font_subset":"","ocean_menu_typo_font_size":0,"ocean_menu_typo_font_size_tablet":0,"ocean_menu_typo_font_size_mobile":0,"ocean_menu_typo_font_size_unit":"px","ocean_menu_typo_font_weight":"","ocean_menu_typo_font_weight_tablet":"","ocean_menu_typo_font_weight_mobile":"","ocean_menu_typo_transform":"","ocean_menu_typo_transform_tablet":"","ocean_menu_typo_transform_mobile":"","ocean_menu_typo_line_height":0,"ocean_menu_typo_line_height_tablet":0,"ocean_menu_typo_line_height_mobile":0,"ocean_menu_typo_line_height_unit":"","ocean_menu_typo_spacing":0,"ocean_menu_typo_spacing_tablet":0,"ocean_menu_typo_spacing_mobile":0,"ocean_menu_typo_spacing_unit":"","ocean_menu_link_color":"","ocean_menu_link_color_hover":"","ocean_menu_link_color_active":"","ocean_menu_link_background":"","ocean_menu_link_hover_background":"","ocean_menu_link_active_background":"","ocean_menu_social_links_bg":"","ocean_menu_social_hover_links_bg":"","ocean_menu_social_links_color":"","ocean_menu_social_hover_links_color":"","ocean_disable_title":"default","ocean_disable_heading":"default","ocean_post_title":"","ocean_post_subheading":"","ocean_post_title_style":"","ocean_post_title_background_color":"","ocean_post_title_background":0,"ocean_post_title_bg_image_position":"","ocean_post_title_bg_image_attachment":"","ocean_post_title_bg_image_repeat":"","ocean_post_title_bg_image_size":"","ocean_post_title_height":0,"ocean_post_title_bg_overlay":0.5,"ocean_post_title_bg_overlay_color":"","ocean_disable_breadcrumbs":"default","ocean_breadcrumbs_color":"","ocean_breadcrumbs_separator_color":"","ocean_breadcrumbs_links_color":"","ocean_breadcrumbs_links_hover_color":"","ocean_display_footer_widgets":"default","ocean_display_footer_bottom":"default","ocean_custom_footer_template":"0","footnotes":""},"class_list":["post-1102","page","type-page","status-publish","hentry","entry"],"_links":{"self":[{"href":"https:\/\/stadtfuehrungen-durch-koeln.de\/index.php?rest_route=\/wp\/v2\/pages\/1102","targetHints":{"allow":["GET"]}}],"collection":[{"href":"https:\/\/stadtfuehrungen-durch-koeln.de\/index.php?rest_route=\/wp\/v2\/pages"}],"about":[{"href":"https:\/\/stadtfuehrungen-durch-koeln.de\/index.php?rest_route=\/wp\/v2\/types\/page"}],"author":[{"embeddable":true,"href":"https:\/\/stadtfuehrungen-durch-koeln.de\/index.php?rest_route=\/wp\/v2\/users\/2"}],"replies":[{"embeddable":true,"href":"https:\/\/stadtfuehrungen-durch-koeln.de\/index.php?rest_route=%2Fwp%2Fv2%2Fcomments&post=1102"}],"version-history":[{"count":17,"href":"https:\/\/stadtfuehrungen-durch-koeln.de\/index.php?rest_route=\/wp\/v2\/pages\/1102\/revisions"}],"predecessor-version":[{"id":1746,"href":"https:\/\/stadtfuehrungen-durch-koeln.de\/index.php?rest_route=\/wp\/v2\/pages\/1102\/revisions\/1746"}],"up":[{"embeddable":true,"href":"https:\/\/stadtfuehrungen-durch-koeln.de\/index.php?rest_route=\/wp\/v2\/pages\/387"}],"wp:attachment":[{"href":"https:\/\/stadtfuehrungen-durch-koeln.de\/index.php?rest_route=%2Fwp%2Fv2%2Fmedia&parent=1102"}],"curies":[{"name":"wp","href":"https:\/\/api.w.org\/{rel}","templated":true}]}}